{"id":37618,"date":"2022-02-08T16:17:37","date_gmt":"2022-02-08T15:17:37","guid":{"rendered":"https:\/\/www.teamoty.io\/kontakt\/"},"modified":"2022-11-29T15:53:10","modified_gmt":"2022-11-29T14:53:10","slug":"kontakt","status":"publish","type":"page","link":"https:\/\/www.teamoty.io\/de\/kontakt\/","title":{"rendered":"Kontakt"},"content":{"rendered":"<p>[et_pb_section fb_built=&#8220;1&#8243; admin_label=&#8220;Hero Section&#8220; _builder_version=&#8220;4.16&#8243; use_background_color_gradient=&#8220;on&#8220; background_color_gradient_stops=&#8220;rgba(84,84,84,0.02) 0%|rgba(84,84,84,0.02) 100%&#8220; background_color_gradient_overlays_image=&#8220;on&#8220; background_color_gradient_start=&#8220;rgba(84,84,84,0.02)&#8220; background_color_gradient_end=&#8220;rgba(84,84,84,0.02)&#8220; background_image=&#8220;\/wp-content\/uploads\/2022\/03\/image-site-contact-hd.jpg&#8220; background_position=&#8220;top_center&#8220; custom_margin=&#8220;|||&#8220; custom_padding=&#8220;0%||0%||true|false&#8220; global_colors_info=&#8220;{}&#8220;][et_pb_row custom_padding_last_edited=&#8220;on|desktop&#8220; _builder_version=&#8220;4.16&#8243; background_size=&#8220;initial&#8220; background_position=&#8220;top_left&#8220; background_repeat=&#8220;repeat&#8220; width=&#8220;90%&#8220; width_tablet=&#8220;90%&#8220; width_phone=&#8220;80%&#8220; width_last_edited=&#8220;on|phone&#8220; max_width=&#8220;90%&#8220; module_alignment=&#8220;center&#8220; min_height=&#8220;629px&#8220; custom_margin=&#8220;|auto|||false|false&#8220; custom_margin_tablet=&#8220;|auto|||false|false&#8220; custom_margin_phone=&#8220;|||60px|false|false&#8220; custom_margin_last_edited=&#8220;on|phone&#8220; custom_padding=&#8220;90px||51px|223px|false|false&#8220; custom_padding_tablet=&#8220;|||0px|false|false&#8220; custom_padding_phone=&#8220;|||0px|false|false&#8220; global_colors_info=&#8220;{}&#8220;][et_pb_column type=&#8220;4_4&#8243; _builder_version=&#8220;4.16&#8243; custom_padding=&#8220;|||&#8220; global_colors_info=&#8220;{}&#8220; custom_padding__hover=&#8220;|||&#8220;][et_pb_text admin_label=&#8220;Title&#8220; _builder_version=&#8220;4.16&#8243; text_font=&#8220;Open Sans||||||||&#8220; text_font_size=&#8220;30px&#8220; text_line_height=&#8220;1.4em&#8220; header_font=&#8220;Convergence|||on|||||&#8220; header_text_align=&#8220;center&#8220; header_font_size=&#8220;64px&#8220; header_2_font=&#8220;Convergence||||||||&#8220; header_2_font_size=&#8220;30px&#8220; text_orientation=&#8220;center&#8220; background_layout=&#8220;dark&#8220; width=&#8220;541px&#8220; width_tablet=&#8220;541px&#8220; width_phone=&#8220;102%&#8220; width_last_edited=&#8220;on|phone&#8220; module_alignment=&#8220;left&#8220; custom_margin=&#8220;|1255px||||&#8220; custom_padding=&#8220;|0px|||false|false&#8220; custom_padding_tablet=&#8220;14%||14%||true|false&#8220; custom_padding_phone=&#8220;14%||14%||true|false&#8220; custom_padding_last_edited=&#8220;on|desktop&#8220; animation_style=&#8220;slide&#8220; animation_direction=&#8220;top&#8220; animation_intensity_slide=&#8220;3%&#8220; animation_starting_opacity=&#8220;100%&#8220; header_font_size_tablet=&#8220;40px&#8220; header_font_size_phone=&#8220;25px&#8220; header_font_size_last_edited=&#8220;on|tablet&#8220; text_text_shadow_style=&#8220;preset1&#8243; global_colors_info=&#8220;{}&#8220;]<\/p>\n<h1 style=\"text-align: left;\">Nehmen wir kontakt auf<\/h1>\n<h2 style=\"text-align: left;\">Ein Team, das Ihnen zuh\u00f6rt.<\/h2>\n<p>[\/et_pb_text][et_pb_divider show_divider=&#8220;off&#8220; _builder_version=&#8220;4.16&#8243; _module_preset=&#8220;default&#8220; height=&#8220;18px&#8220; height_tablet=&#8220;50px&#8220; height_phone=&#8220;50px&#8220; height_last_edited=&#8220;on|desktop&#8220; global_colors_info=&#8220;{}&#8220;][\/et_pb_divider][\/et_pb_column][\/et_pb_row][\/et_pb_section][et_pb_section fb_built=&#8220;1&#8243; _builder_version=&#8220;4.16&#8243; _module_preset=&#8220;default&#8220; global_colors_info=&#8220;{}&#8220;][et_pb_row column_structure=&#8220;1_4,3_4&#8243; _builder_version=&#8220;4.16&#8243; _module_preset=&#8220;default&#8220; global_colors_info=&#8220;{}&#8220;][et_pb_column type=&#8220;1_4&#8243; _builder_version=&#8220;4.16&#8243; _module_preset=&#8220;default&#8220; global_colors_info=&#8220;{}&#8220;][et_pb_text _builder_version=&#8220;4.16&#8243; _module_preset=&#8220;default&#8220; global_colors_info=&#8220;{}&#8220;]<\/p>\n<p>M\u00f6chten Sie mehr \u00fcber unsere Software <strong>wissen<\/strong>?<\/p>\n<p>M\u00f6chten Sie <strong>eine Demo<\/strong> unserer Software zur Optimierung der Supply Chain Ihrer Bauprojekte erhalten?<\/p>\n<p>Sie k\u00f6nnen uns anhand <strong>dieses Formular kontaktieren<\/strong> und wir werden schnell Kontakt mit Ihnen nehmen!<\/p>\n<p>[\/et_pb_text][\/et_pb_column][et_pb_column type=&#8220;3_4&#8243; _builder_version=&#8220;4.16&#8243; _module_preset=&#8220;default&#8220; global_colors_info=&#8220;{}&#8220;][et_pb_code _builder_version=&#8220;4.18.0&#8243; _module_preset=&#8220;default&#8220; hover_enabled=&#8220;0&#8243; global_colors_info=&#8220;{}&#8220; sticky_enabled=&#8220;0&#8243;]<\/p>\n<form id=\"foss-63861b74d59cbc79f49d9c41\"><\/form>\n<p><script async src='https:\/\/api.plezi.co\/api\/v1\/web_forms\/scripts?tenant_id=6315aa9ee317a7349c34a324&#038;form_id=63282df1d59cbc0cd9cd3319&#038;form_version=3&#038;content_web_form_id=63861b74d59cbc79f49d9c41&#038;plz_lang=de'><\/script>[\/et_pb_code][\/et_pb_column][\/et_pb_row][\/et_pb_section]<\/p>\n","protected":false},"excerpt":{"rendered":"<p>Nehmen wir kontakt auf Ein Team, das Ihnen zuh\u00f6rt.M\u00f6chten Sie mehr \u00fcber unsere Software wissen? M\u00f6chten Sie eine Demo unserer Software zur Optimierung der Supply Chain Ihrer Bauprojekte erhalten? Sie k\u00f6nnen uns anhand dieses Formular kontaktieren und wir werden schnell Kontakt mit Ihnen nehmen!<\/p>\n","protected":false},"author":1,"featured_media":0,"parent":0,"menu_order":0,"comment_status":"closed","ping_status":"closed","template":"","meta":{"_et_pb_use_builder":"on","_et_pb_old_content":"","_et_gb_content_width":"","footnotes":""},"class_list":["post-37618","page","type-page","status-publish","hentry"],"yoast_head":"<!-- This site is optimized with the Yoast SEO plugin v27.5 - https:\/\/yoast.com\/product\/yoast-seo-wordpress\/ -->\n<title>Kontakt - Teamoty.io<\/title>\n<meta name=\"description\" content=\"Kontaktieren Sie Teamoty, um mehr \u00fcber unsere L\u00f6sungen f\u00fcr die Planung und \u00dcberwachung von Baustellen, die logistische Steuerung und das Abfallmanagement zu erfahren.\" \/>\n<meta name=\"robots\" content=\"index, follow, max-snippet:-1, max-image-preview:large, max-video-preview:-1\" \/>\n<link rel=\"canonical\" href=\"https:\/\/www.teamoty.io\/de\/kontakt\/\" \/>\n<meta property=\"og:locale\" content=\"de_DE\" \/>\n<meta property=\"og:type\" content=\"article\" \/>\n<meta property=\"og:title\" content=\"Kontakt - Teamoty.io\" \/>\n<meta property=\"og:description\" content=\"Kontaktieren Sie Teamoty, um mehr \u00fcber unsere L\u00f6sungen f\u00fcr die Planung und \u00dcberwachung von Baustellen, die logistische Steuerung und das Abfallmanagement zu erfahren.\" \/>\n<meta property=\"og:url\" content=\"https:\/\/www.teamoty.io\/de\/kontakt\/\" \/>\n<meta property=\"og:site_name\" content=\"Teamoty.io\" \/>\n<meta property=\"article:modified_time\" content=\"2022-11-29T14:53:10+00:00\" \/>\n<meta name=\"twitter:card\" content=\"summary_large_image\" \/>\n<meta name=\"twitter:site\" content=\"@Teamoty_io\" \/>\n<meta name=\"twitter:label1\" content=\"Gesch\u00e4tzte Lesezeit\" \/>\n\t<meta name=\"twitter:data1\" content=\"2\u00a0Minuten\" \/>\n<script type=\"application\/ld+json\" class=\"yoast-schema-graph\">{\"@context\":\"https:\\\/\\\/schema.org\",\"@graph\":[{\"@type\":\"WebPage\",\"@id\":\"https:\\\/\\\/www.teamoty.io\\\/de\\\/kontakt\\\/\",\"url\":\"https:\\\/\\\/www.teamoty.io\\\/de\\\/kontakt\\\/\",\"name\":\"Kontakt - Teamoty.io\",\"isPartOf\":{\"@id\":\"https:\\\/\\\/www.teamoty.io\\\/de\\\/#website\"},\"datePublished\":\"2022-02-08T15:17:37+00:00\",\"dateModified\":\"2022-11-29T14:53:10+00:00\",\"description\":\"Kontaktieren Sie Teamoty, um mehr \u00fcber unsere L\u00f6sungen f\u00fcr die Planung und \u00dcberwachung von Baustellen, die logistische Steuerung und das Abfallmanagement zu erfahren.\",\"breadcrumb\":{\"@id\":\"https:\\\/\\\/www.teamoty.io\\\/de\\\/kontakt\\\/#breadcrumb\"},\"inLanguage\":\"de\",\"potentialAction\":[{\"@type\":\"ReadAction\",\"target\":[\"https:\\\/\\\/www.teamoty.io\\\/de\\\/kontakt\\\/\"]}]},{\"@type\":\"BreadcrumbList\",\"@id\":\"https:\\\/\\\/www.teamoty.io\\\/de\\\/kontakt\\\/#breadcrumb\",\"itemListElement\":[{\"@type\":\"ListItem\",\"position\":1,\"name\":\"Accueil\",\"item\":\"https:\\\/\\\/www.teamoty.io\\\/de\\\/\"},{\"@type\":\"ListItem\",\"position\":2,\"name\":\"Kontakt\"}]},{\"@type\":\"WebSite\",\"@id\":\"https:\\\/\\\/www.teamoty.io\\\/de\\\/#website\",\"url\":\"https:\\\/\\\/www.teamoty.io\\\/de\\\/\",\"name\":\"Teamoty.io\",\"description\":\"Construire ensemble simplement\",\"publisher\":{\"@id\":\"https:\\\/\\\/www.teamoty.io\\\/de\\\/#organization\"},\"potentialAction\":[{\"@type\":\"SearchAction\",\"target\":{\"@type\":\"EntryPoint\",\"urlTemplate\":\"https:\\\/\\\/www.teamoty.io\\\/de\\\/?s={search_term_string}\"},\"query-input\":{\"@type\":\"PropertyValueSpecification\",\"valueRequired\":true,\"valueName\":\"search_term_string\"}}],\"inLanguage\":\"de\"},{\"@type\":\"Organization\",\"@id\":\"https:\\\/\\\/www.teamoty.io\\\/de\\\/#organization\",\"name\":\"TEAMOTY\",\"url\":\"https:\\\/\\\/www.teamoty.io\\\/de\\\/\",\"logo\":{\"@type\":\"ImageObject\",\"inLanguage\":\"de\",\"@id\":\"https:\\\/\\\/www.teamoty.io\\\/de\\\/#\\\/schema\\\/logo\\\/image\\\/\",\"url\":\"https:\\\/\\\/www.teamoty.io\\\/wp-content\\\/uploads\\\/2022\\\/02\\\/LOGO_LOGO_H1--e1655477081485.png\",\"contentUrl\":\"https:\\\/\\\/www.teamoty.io\\\/wp-content\\\/uploads\\\/2022\\\/02\\\/LOGO_LOGO_H1--e1655477081485.png\",\"width\":272,\"height\":89,\"caption\":\"TEAMOTY\"},\"image\":{\"@id\":\"https:\\\/\\\/www.teamoty.io\\\/de\\\/#\\\/schema\\\/logo\\\/image\\\/\"},\"sameAs\":[\"https:\\\/\\\/x.com\\\/Teamoty_io\",\"https:\\\/\\\/www.linkedin.com\\\/company\\\/35448298\\\/\"]}]}<\/script>\n<!-- \/ Yoast SEO plugin. -->","yoast_head_json":{"title":"Kontakt - Teamoty.io","description":"Kontaktieren Sie Teamoty, um mehr \u00fcber unsere L\u00f6sungen f\u00fcr die Planung und \u00dcberwachung von Baustellen, die logistische Steuerung und das Abfallmanagement zu erfahren.","robots":{"index":"index","follow":"follow","max-snippet":"max-snippet:-1","max-image-preview":"max-image-preview:large","max-video-preview":"max-video-preview:-1"},"canonical":"https:\/\/www.teamoty.io\/de\/kontakt\/","og_locale":"de_DE","og_type":"article","og_title":"Kontakt - Teamoty.io","og_description":"Kontaktieren Sie Teamoty, um mehr \u00fcber unsere L\u00f6sungen f\u00fcr die Planung und \u00dcberwachung von Baustellen, die logistische Steuerung und das Abfallmanagement zu erfahren.","og_url":"https:\/\/www.teamoty.io\/de\/kontakt\/","og_site_name":"Teamoty.io","article_modified_time":"2022-11-29T14:53:10+00:00","twitter_card":"summary_large_image","twitter_site":"@Teamoty_io","twitter_misc":{"Gesch\u00e4tzte Lesezeit":"2\u00a0Minuten"},"schema":{"@context":"https:\/\/schema.org","@graph":[{"@type":"WebPage","@id":"https:\/\/www.teamoty.io\/de\/kontakt\/","url":"https:\/\/www.teamoty.io\/de\/kontakt\/","name":"Kontakt - Teamoty.io","isPartOf":{"@id":"https:\/\/www.teamoty.io\/de\/#website"},"datePublished":"2022-02-08T15:17:37+00:00","dateModified":"2022-11-29T14:53:10+00:00","description":"Kontaktieren Sie Teamoty, um mehr \u00fcber unsere L\u00f6sungen f\u00fcr die Planung und \u00dcberwachung von Baustellen, die logistische Steuerung und das Abfallmanagement zu erfahren.","breadcrumb":{"@id":"https:\/\/www.teamoty.io\/de\/kontakt\/#breadcrumb"},"inLanguage":"de","potentialAction":[{"@type":"ReadAction","target":["https:\/\/www.teamoty.io\/de\/kontakt\/"]}]},{"@type":"BreadcrumbList","@id":"https:\/\/www.teamoty.io\/de\/kontakt\/#breadcrumb","itemListElement":[{"@type":"ListItem","position":1,"name":"Accueil","item":"https:\/\/www.teamoty.io\/de\/"},{"@type":"ListItem","position":2,"name":"Kontakt"}]},{"@type":"WebSite","@id":"https:\/\/www.teamoty.io\/de\/#website","url":"https:\/\/www.teamoty.io\/de\/","name":"Teamoty.io","description":"Construire ensemble simplement","publisher":{"@id":"https:\/\/www.teamoty.io\/de\/#organization"},"potentialAction":[{"@type":"SearchAction","target":{"@type":"EntryPoint","urlTemplate":"https:\/\/www.teamoty.io\/de\/?s={search_term_string}"},"query-input":{"@type":"PropertyValueSpecification","valueRequired":true,"valueName":"search_term_string"}}],"inLanguage":"de"},{"@type":"Organization","@id":"https:\/\/www.teamoty.io\/de\/#organization","name":"TEAMOTY","url":"https:\/\/www.teamoty.io\/de\/","logo":{"@type":"ImageObject","inLanguage":"de","@id":"https:\/\/www.teamoty.io\/de\/#\/schema\/logo\/image\/","url":"https:\/\/www.teamoty.io\/wp-content\/uploads\/2022\/02\/LOGO_LOGO_H1--e1655477081485.png","contentUrl":"https:\/\/www.teamoty.io\/wp-content\/uploads\/2022\/02\/LOGO_LOGO_H1--e1655477081485.png","width":272,"height":89,"caption":"TEAMOTY"},"image":{"@id":"https:\/\/www.teamoty.io\/de\/#\/schema\/logo\/image\/"},"sameAs":["https:\/\/x.com\/Teamoty_io","https:\/\/www.linkedin.com\/company\/35448298\/"]}]}},"_links":{"self":[{"href":"https:\/\/www.teamoty.io\/de\/wp-json\/wp\/v2\/pages\/37618","targetHints":{"allow":["GET"]}}],"collection":[{"href":"https:\/\/www.teamoty.io\/de\/wp-json\/wp\/v2\/pages"}],"about":[{"href":"https:\/\/www.teamoty.io\/de\/wp-json\/wp\/v2\/types\/page"}],"author":[{"embeddable":true,"href":"https:\/\/www.teamoty.io\/de\/wp-json\/wp\/v2\/users\/1"}],"replies":[{"embeddable":true,"href":"https:\/\/www.teamoty.io\/de\/wp-json\/wp\/v2\/comments?post=37618"}],"version-history":[{"count":3,"href":"https:\/\/www.teamoty.io\/de\/wp-json\/wp\/v2\/pages\/37618\/revisions"}],"predecessor-version":[{"id":37625,"href":"https:\/\/www.teamoty.io\/de\/wp-json\/wp\/v2\/pages\/37618\/revisions\/37625"}],"wp:attachment":[{"href":"https:\/\/www.teamoty.io\/de\/wp-json\/wp\/v2\/media?parent=37618"}],"curies":[{"name":"wp","href":"https:\/\/api.w.org\/{rel}","templated":true}]}}